{"id":565,"date":"2019-10-29T16:30:12","date_gmt":"2019-10-29T15:30:12","guid":{"rendered":"http:\/\/skladopalu.szczecin.pl\/?page_id=565"},"modified":"2026-04-24T15:48:07","modified_gmt":"2026-04-24T13:48:07","slug":"do-ogrodu","status":"publish","type":"page","link":"https:\/\/skladopalu.szczecin.pl\/en\/do-ogrodu\/","title":{"rendered":"Do ogrodu"},"content":{"rendered":"\n<p class=\"has-text-align-center has-large-font-size\">Ziemia ogrodowa<\/p>\n\n\n\n<table id=\"tablepress-12\" class=\"tablepress tablepress-id-12\">\n<thead>\n<tr class=\"row-1 odd\">\n\t<th class=\"column-1\">Nazwa<\/th><th class=\"column-2\">Opis<\/th><th class=\"column-3\">Cena<\/th>\n<\/tr>\n<\/thead>\n<tbody class=\"row-hover\">\n<tr class=\"row-2 even\">\n\t<td class=\"column-1\">NAW\u00d3Z WORKOWANY<br \/>\nobornik bydl\u0119cy<\/td><td class=\"column-2\">Nadaje si\u0119 pod warzywa, drzewa owocowe, kwiaty, rozsady itp. Wzbogaca gleb\u0119 i umo\u017cliwa prawid\u0142owy wzrost ro\u015blin<\/td><td class=\"column-3\">15z\u0142 za worek 50L<\/td>\n<\/tr>\n<tr class=\"row-3 odd\">\n\t<td class=\"column-1\">POD\u0141O\u017bE UNIWERSALNE<\/td><td class=\"column-2\">Do kwiat\u00f3w i warzyw<\/td><td class=\"column-3\">18z\u0142 za worek 50L<\/td>\n<\/tr>\n<tr class=\"row-4 even\">\n\t<td class=\"column-1\">POD\u0141O\u017bE UNIWERSALNE EKOGARDEN<\/td><td class=\"column-2\">Do kwiat\u00f3w i warzyw<\/td><td class=\"column-3\">25z\u0142 za worek 50L<\/td>\n<\/tr>\n<tr class=\"row-5 odd\">\n\t<td class=\"column-1\">POD\u0141O\u017bE KWIATOWE<\/td><td class=\"column-2\">Do kwiat\u00f3w<\/td><td class=\"column-3\">18z\u0142 za worek 50L<\/td>\n<\/tr>\n<tr class=\"row-6 even\">\n\t<td class=\"column-1\">TORF OGRODNICZY<\/td><td class=\"column-2\">Pod\u0142o\u017ce do hodowli ro\u015blin, pH 3.5-4.5<\/td><td class=\"column-3\">18z\u0142 za worek 50L<\/td>\n<\/tr>\n<tr class=\"row-7 odd\">\n\t<td class=\"column-1\">\u0141USKI KAKAO<\/td><td class=\"column-2\">Naw\u00f3z naturalny<\/td><td class=\"column-3\">25z\u0142 za du\u017cy worek<\/td>\n<\/tr>\n<\/tbody>\n<\/table>\n<!-- #tablepress-12 from cache -->\n","protected":false},"excerpt":{"rendered":"<p>Ziemia ogrodowa<\/p>\n","protected":false},"author":1,"featured_media":0,"parent":0,"menu_order":0,"comment_status":"closed","ping_status":"closed","template":"template\/template-page-full-width.php","meta":{"ngg_post_thumbnail":0},"translation":{"provider":"WPGlobus","version":"2.10.4","language":"en","enabled_languages":["pl","en","de"],"languages":{"pl":{"title":true,"content":true,"excerpt":false},"en":{"title":false,"content":false,"excerpt":false},"de":{"title":false,"content":false,"excerpt":false}}},"_links":{"self":[{"href":"https:\/\/skladopalu.szczecin.pl\/en\/wp-json\/wp\/v2\/pages\/565"}],"collection":[{"href":"https:\/\/skladopalu.szczecin.pl\/en\/wp-json\/wp\/v2\/pages"}],"about":[{"href":"https:\/\/skladopalu.szczecin.pl\/en\/wp-json\/wp\/v2\/types\/page"}],"author":[{"embeddable":true,"href":"https:\/\/skladopalu.szczecin.pl\/en\/wp-json\/wp\/v2\/users\/1"}],"replies":[{"embeddable":true,"href":"https:\/\/skladopalu.szczecin.pl\/en\/wp-json\/wp\/v2\/comments?post=565"}],"version-history":[{"count":15,"href":"https:\/\/skladopalu.szczecin.pl\/en\/wp-json\/wp\/v2\/pages\/565\/revisions"}],"predecessor-version":[{"id":1090,"href":"https:\/\/skladopalu.szczecin.pl\/en\/wp-json\/wp\/v2\/pages\/565\/revisions\/1090"}],"wp:attachment":[{"href":"https:\/\/skladopalu.szczecin.pl\/en\/wp-json\/wp\/v2\/media?parent=565"}],"curies":[{"name":"wp","href":"https:\/\/api.w.org\/{rel}","templated":true}]}}