{"id":299,"date":"2018-09-28T00:31:15","date_gmt":"2018-09-27T22:31:15","guid":{"rendered":"http:\/\/skladopalu.szczecin.pl\/?page_id=299"},"modified":"2022-10-09T22:57:18","modified_gmt":"2022-10-09T20:57:18","slug":"trociny","status":"publish","type":"page","link":"https:\/\/skladopalu.szczecin.pl\/en\/trociny\/","title":{"rendered":"TROCINY"},"content":{"rendered":"\n<h2>Oferujemy sprzeda\u017c trocin pakowanych w worki<\/h2>\n\n\n\n<p class=\"has-medium-font-size\">S\u0105 to trociny z drewna li\u015bciastego \/ suchego, pozosta\u0142ych po obr\u00f3bce drewna kominkowego.<\/p>\n\n\n\n<!-- index.php -->\n<div\n\tclass=\"ngg-galleryoverview ngg-ajax-pagination-none\"\n\tid=\"ngg-gallery-b3d2326ff20e4ea0db63225517114d78-1\">\n\n    \t<div class=\"slideshowlink\">\n        <a href='https:\/\/skladopalu.szczecin.pl\/en\/trociny\/nggallery\/slideshow'>[Pokaz zdj\u0119\u0107]<\/a>\n\t\t\n\t<\/div>\n\t\t\t<!-- Thumbnails -->\n\t\t\t\t<div id=\"ngg-image-0\" class=\"ngg-gallery-thumbnail-box\" >\n\t\t\t\t        <div class=\"ngg-gallery-thumbnail\">\n            <a href=\"https:\/\/skladopalu.szczecin.pl\/wp-content\/gallery\/trociny\/IMG_20180925_115117.jpg\"\n               title=\"\"\n               data-src=\"https:\/\/skladopalu.szczecin.pl\/wp-content\/gallery\/trociny\/IMG_20180925_115117.jpg\"\n               data-thumbnail=\"https:\/\/skladopalu.szczecin.pl\/wp-content\/gallery\/trociny\/thumbs\/thumbs_IMG_20180925_115117.jpg\"\n               data-image-id=\"30\"\n               data-title=\"www.skladopalu.szczecin.pl\"\n               data-description=\"\"\n               data-image-slug=\"img_20180925_115117\"\n               class=\"ngg-fancybox\" rel=\"b3d2326ff20e4ea0db63225517114d78\">\n                <img\n                    title=\"www.skladopalu.szczecin.pl\"\n                    alt=\"www.skladopalu.szczecin.pl\"\n                    src=\"https:\/\/skladopalu.szczecin.pl\/wp-content\/gallery\/trociny\/thumbs\/thumbs_IMG_20180925_115117.jpg\"\n                    width=\"240\"\n                    height=\"160\"\n                    style=\"max-width:100%;\"\n                \/>\n            <\/a>\n        <\/div>\n\t\t\t\t\t\t\t<\/div> \n\t\t\t\n        \n\t\t\t\t<div id=\"ngg-image-1\" class=\"ngg-gallery-thumbnail-box\" >\n\t\t\t\t        <div class=\"ngg-gallery-thumbnail\">\n            <a href=\"https:\/\/skladopalu.szczecin.pl\/wp-content\/gallery\/trociny\/IMG_20180925_115121.jpg\"\n               title=\"\"\n               data-src=\"https:\/\/skladopalu.szczecin.pl\/wp-content\/gallery\/trociny\/IMG_20180925_115121.jpg\"\n               data-thumbnail=\"https:\/\/skladopalu.szczecin.pl\/wp-content\/gallery\/trociny\/thumbs\/thumbs_IMG_20180925_115121.jpg\"\n               data-image-id=\"31\"\n               data-title=\"www.skladopalu.szczecin.pl\"\n               data-description=\"\"\n               data-image-slug=\"img_20180925_115121\"\n               class=\"ngg-fancybox\" rel=\"b3d2326ff20e4ea0db63225517114d78\">\n                <img\n                    title=\"www.skladopalu.szczecin.pl\"\n                    alt=\"www.skladopalu.szczecin.pl\"\n                    src=\"https:\/\/skladopalu.szczecin.pl\/wp-content\/gallery\/trociny\/thumbs\/thumbs_IMG_20180925_115121.jpg\"\n                    width=\"240\"\n                    height=\"160\"\n                    style=\"max-width:100%;\"\n                \/>\n            <\/a>\n        <\/div>\n\t\t\t\t\t\t\t<\/div> \n\t\t\t\n        \n\t\t\t\t<div id=\"ngg-image-2\" class=\"ngg-gallery-thumbnail-box\" >\n\t\t\t\t        <div class=\"ngg-gallery-thumbnail\">\n            <a href=\"https:\/\/skladopalu.szczecin.pl\/wp-content\/gallery\/trociny\/IMG_20180925_114754_edited.jpg\"\n               title=\"dav\"\n               data-src=\"https:\/\/skladopalu.szczecin.pl\/wp-content\/gallery\/trociny\/IMG_20180925_114754_edited.jpg\"\n               data-thumbnail=\"https:\/\/skladopalu.szczecin.pl\/wp-content\/gallery\/trociny\/thumbs\/thumbs_IMG_20180925_114754_edited.jpg\"\n               data-image-id=\"35\"\n               data-title=\"dav\"\n               data-description=\"dav\"\n               data-image-slug=\"img_20180925_114754_edited\"\n               class=\"ngg-fancybox\" rel=\"b3d2326ff20e4ea0db63225517114d78\">\n                <img\n                    title=\"dav\"\n                    alt=\"dav\"\n                    src=\"https:\/\/skladopalu.szczecin.pl\/wp-content\/gallery\/trociny\/thumbs\/thumbs_IMG_20180925_114754_edited.jpg\"\n                    width=\"240\"\n                    height=\"160\"\n                    style=\"max-width:100%;\"\n                \/>\n            <\/a>\n        <\/div>\n\t\t\t\t\t\t\t<\/div> \n\t\t\t\n        \n\t\t\t\t<div id=\"ngg-image-3\" class=\"ngg-gallery-thumbnail-box\" >\n\t\t\t\t        <div class=\"ngg-gallery-thumbnail\">\n            <a href=\"https:\/\/skladopalu.szczecin.pl\/wp-content\/gallery\/trociny\/75429627_502785347119119_3240721690061176832_n.jpg\"\n               title=\"\"\n               data-src=\"https:\/\/skladopalu.szczecin.pl\/wp-content\/gallery\/trociny\/75429627_502785347119119_3240721690061176832_n.jpg\"\n               data-thumbnail=\"https:\/\/skladopalu.szczecin.pl\/wp-content\/gallery\/trociny\/thumbs\/thumbs_75429627_502785347119119_3240721690061176832_n.jpg\"\n               data-image-id=\"48\"\n               data-title=\"75429627_502785347119119_3240721690061176832_n\"\n               data-description=\"\"\n               data-image-slug=\"75429627_502785347119119_3240721690061176832_n\"\n               class=\"ngg-fancybox\" rel=\"b3d2326ff20e4ea0db63225517114d78\">\n                <img\n                    title=\"75429627_502785347119119_3240721690061176832_n\"\n                    alt=\"75429627_502785347119119_3240721690061176832_n\"\n                    src=\"https:\/\/skladopalu.szczecin.pl\/wp-content\/gallery\/trociny\/thumbs\/thumbs_75429627_502785347119119_3240721690061176832_n.jpg\"\n                    width=\"240\"\n                    height=\"160\"\n                    style=\"max-width:100%;\"\n                \/>\n            <\/a>\n        <\/div>\n\t\t\t\t\t\t\t<\/div> \n\t\t\t\n        \n\t\t\n\t\t<!-- Pagination -->\n\t<div class='ngg-clear'><\/div>\t<\/div>\n\n\n\n\n<table id=\"tablepress-9\" class=\"tablepress tablepress-id-9\">\n<thead>\n<tr class=\"row-1 odd\">\n\t<th class=\"column-1\">Nazwa<\/th><th class=\"column-2\">Opis<\/th><th class=\"column-3\">Cena<\/th>\n<\/tr>\n<\/thead>\n<tbody class=\"row-hover\">\n<tr class=\"row-2 even\">\n\t<td class=\"column-1\">DREWNO KOMINKOWE, OPA\u0141OWE<br \/>\nbuk, d\u0105b<\/td><td class=\"column-2\">Drewno luzem, cena za jeden mp<\/td><td class=\"column-3\">450z\u0142<\/td>\n<\/tr>\n<tr class=\"row-3 odd\">\n\t<td class=\"column-1\">DREWNO KOMINKOWE, OPA\u0141OWE<br \/>\nBrzoza, olcha<\/td><td class=\"column-2\">Drewno luzem, cena za jeden mp<\/td><td class=\"column-3\">450z\u0142<\/td>\n<\/tr>\n<tr class=\"row-4 even\">\n\t<td class=\"column-1\">DREWNO KOMINKOWE, OPA\u0141OWE<br \/>\nSosna<\/td><td class=\"column-2\">Drewno luzem, cena za jeden mp<\/td><td class=\"column-3\">300z\u0142<\/td>\n<\/tr>\n<tr class=\"row-5 odd\">\n\t<td class=\"column-1\">TROCINY Z DRZEW LI\u015aCIASTYCH<\/td><td class=\"column-2\">Trociny powsta\u0142e w wyniku ci\u0119cia drewna na naszym sk\u0142adzie<\/td><td class=\"column-3\">10z\u0142 za worek 130L<br \/>\n85z\u0142 za BIG-BAG 1000L<\/td>\n<\/tr>\n<tr class=\"row-6 even\">\n\t<td class=\"column-1\">DREWNO ROZPA\u0141KOWE, ROZPA\u0141KA<\/td><td class=\"column-2\">Drobne drewno pakowane w siatk\u0119 <\/td><td class=\"column-3\">20z\u0142<\/td>\n<\/tr>\n<tr class=\"row-7 odd\">\n\t<td class=\"column-1\">PNIAK DO R\u0104BANIA DREWNA BUK<\/td><td class=\"column-2\">Pniaki do r\u0105bania drewna o r\u00f3\u017cnej d\u0142ugo\u015bci i szeroko\u015bci.<\/td><td class=\"column-3\">50z\u0142<\/td>\n<\/tr>\n<\/tbody>\n<\/table>\n<!-- #tablepress-9 from cache -->\n","protected":false},"excerpt":{"rendered":"<p>Oferujemy sprzeda\u017c trocin pakowanych w worki S\u0105 to trociny z drewna li\u015bciastego \/ suchego, pozosta\u0142ych po obr\u00f3bce drewna kominkowego.<\/p>\n","protected":false},"author":1,"featured_media":0,"parent":0,"menu_order":0,"comment_status":"closed","ping_status":"closed","template":"template\/template-page-full-width.php","meta":{"ngg_post_thumbnail":0},"translation":{"provider":"WPGlobus","version":"2.10.4","language":"en","enabled_languages":["pl","en","de"],"languages":{"pl":{"title":true,"content":true,"excerpt":false},"en":{"title":false,"content":false,"excerpt":false},"de":{"title":true,"content":true,"excerpt":false}}},"_links":{"self":[{"href":"https:\/\/skladopalu.szczecin.pl\/en\/wp-json\/wp\/v2\/pages\/299"}],"collection":[{"href":"https:\/\/skladopalu.szczecin.pl\/en\/wp-json\/wp\/v2\/pages"}],"about":[{"href":"https:\/\/skladopalu.szczecin.pl\/en\/wp-json\/wp\/v2\/types\/page"}],"author":[{"embeddable":true,"href":"https:\/\/skladopalu.szczecin.pl\/en\/wp-json\/wp\/v2\/users\/1"}],"replies":[{"embeddable":true,"href":"https:\/\/skladopalu.szczecin.pl\/en\/wp-json\/wp\/v2\/comments?post=299"}],"version-history":[{"count":17,"href":"https:\/\/skladopalu.szczecin.pl\/en\/wp-json\/wp\/v2\/pages\/299\/revisions"}],"predecessor-version":[{"id":871,"href":"https:\/\/skladopalu.szczecin.pl\/en\/wp-json\/wp\/v2\/pages\/299\/revisions\/871"}],"wp:attachment":[{"href":"https:\/\/skladopalu.szczecin.pl\/en\/wp-json\/wp\/v2\/media?parent=299"}],"curies":[{"name":"wp","href":"https:\/\/api.w.org\/{rel}","templated":true}]}}