{"id":29,"date":"2018-06-11T15:26:50","date_gmt":"2018-06-11T13:26:50","guid":{"rendered":"http:\/\/skladopalu.szczecin.pl\/?page_id=29"},"modified":"2026-04-07T13:00:05","modified_gmt":"2026-04-07T11:00:05","slug":"pellet","status":"publish","type":"page","link":"https:\/\/skladopalu.szczecin.pl\/en\/pellet\/","title":{"rendered":"PELLET"},"content":{"rendered":"\n<p class=\"has-text-align-center has-medium-font-size\">W naszej ofercie znajd\u0105 Pa\u0144stwo pellet workowany 6mm (15 kg). Sprzeda\u017c detaliczna i hurtowa. Na palecie mie\u015bci si\u0119 65 work\u00f3w.<\/p>\n\n\n\n<p><\/p>\n\n\n\n<figure class=\"wp-block-gallery aligncenter columns-2 is-cropped\"><ul class=\"blocks-gallery-grid\"><li class=\"blocks-gallery-item\"><figure><img loading=\"lazy\" width=\"1024\" height=\"671\" src=\"https:\/\/skladopalu.szczecin.pl\/wp-content\/uploads\/2026\/04\/IMG_20260407_125750-1024x671.jpg\" alt=\"\" data-id=\"1074\" data-full-url=\"https:\/\/skladopalu.szczecin.pl\/wp-content\/uploads\/2026\/04\/IMG_20260407_125750.jpg\" data-link=\"https:\/\/skladopalu.szczecin.pl\/pellet\/img_20260407_125750\/\" class=\"wp-image-1074\" srcset=\"https:\/\/skladopalu.szczecin.pl\/wp-content\/uploads\/2026\/04\/IMG_20260407_125750-1024x671.jpg 1024w, https:\/\/skladopalu.szczecin.pl\/wp-content\/uploads\/2026\/04\/IMG_20260407_125750-300x197.jpg 300w, https:\/\/skladopalu.szczecin.pl\/wp-content\/uploads\/2026\/04\/IMG_20260407_125750-768x503.jpg 768w, https:\/\/skladopalu.szczecin.pl\/wp-content\/uploads\/2026\/04\/IMG_20260407_125750-1536x1006.jpg 1536w, https:\/\/skladopalu.szczecin.pl\/wp-content\/uploads\/2026\/04\/IMG_20260407_125750-2048x1341.jpg 2048w\" sizes=\"(max-width: 1024px) 100vw, 1024px\" \/><\/figure><\/li><li class=\"blocks-gallery-item\"><figure><img loading=\"lazy\" width=\"540\" height=\"1024\" src=\"https:\/\/skladopalu.szczecin.pl\/wp-content\/uploads\/2026\/04\/IMG_20260407_125723-540x1024.jpg\" alt=\"\" data-id=\"1075\" data-full-url=\"https:\/\/skladopalu.szczecin.pl\/wp-content\/uploads\/2026\/04\/IMG_20260407_125723.jpg\" data-link=\"https:\/\/skladopalu.szczecin.pl\/pellet\/img_20260407_125723\/\" class=\"wp-image-1075\" srcset=\"https:\/\/skladopalu.szczecin.pl\/wp-content\/uploads\/2026\/04\/IMG_20260407_125723-540x1024.jpg 540w, https:\/\/skladopalu.szczecin.pl\/wp-content\/uploads\/2026\/04\/IMG_20260407_125723-158x300.jpg 158w, https:\/\/skladopalu.szczecin.pl\/wp-content\/uploads\/2026\/04\/IMG_20260407_125723-768x1456.jpg 768w, https:\/\/skladopalu.szczecin.pl\/wp-content\/uploads\/2026\/04\/IMG_20260407_125723-810x1536.jpg 810w, https:\/\/skladopalu.szczecin.pl\/wp-content\/uploads\/2026\/04\/IMG_20260407_125723-1080x2048.jpg 1080w, https:\/\/skladopalu.szczecin.pl\/wp-content\/uploads\/2026\/04\/IMG_20260407_125723.jpg 1800w\" sizes=\"(max-width: 540px) 100vw, 540px\" \/><\/figure><\/li><\/ul><figcaption class=\"blocks-gallery-caption\">Aktualnie w naszej ofercie znajduje si\u0119 pellet premium Biomasa.<\/figcaption><\/figure>\n\n\n\n\n<table id=\"tablepress-7\" class=\"tablepress tablepress-id-7\">\n<thead>\n<tr class=\"row-1 odd\">\n\t<th class=\"column-1\">Nazwa<\/th><th class=\"column-2\">Luzem (1 tona)<\/th><th class=\"column-3\">W worku<\/th>\n<\/tr>\n<\/thead>\n<tbody class=\"row-hover\">\n<tr class=\"row-2 even\">\n\t<td class=\"column-1\">W\u0118GIEL POLSKI KOPALNIA MARCEL<\/td><td class=\"column-2\">2000z\u0142 luzem<\/td><td class=\"column-3\">55z\u0142 za worek 25kg<br \/>\n2200z\u0142 workowana<\/td>\n<\/tr>\n<tr class=\"row-3 odd\">\n\t<td class=\"column-1\">W\u0118GIEL ORZECH I KAZACHSTAN<\/td><td class=\"column-2\">1800z\u0142 luzem<\/td><td class=\"column-3\">50z\u0142 za worek 25kg<br \/>\n2000 tona workowana<\/td>\n<\/tr>\n<tr class=\"row-4 even\">\n\t<td class=\"column-1\">W\u0118GIEL GROSZEK KOLUMBIA 5-25MM<\/td><td colspan=\"2\" class=\"column-2\">chwilowo brak<\/td>\n<\/tr>\n<tr class=\"row-5 odd\">\n\t<td class=\"column-1\">W\u0118GIEL GROSZEK KAZACHSTAN 5-25MM<\/td><td class=\"column-2\">1400z\u0142<\/td><td class=\"column-3\">37,50z\u0142 za worek 25kg<br \/>\n1500z\u0142 tona workowana<\/td>\n<\/tr>\n<tr class=\"row-6 even\">\n\t<td class=\"column-1\">BRYKIET DRZEWNY<\/td><td colspan=\"2\" class=\"column-2\">20z\u0142 opakowanie 10kg<\/td>\n<\/tr>\n<tr class=\"row-7 odd\">\n\t<td class=\"column-1\">KOKS ORZECH II HUTA ZDZIESZOWICE<\/td><td colspan=\"2\" class=\"column-2\">chwilowo brak<\/td>\n<\/tr>\n<tr class=\"row-8 even\">\n\t<td class=\"column-1\">PELLET PREMIUM BIOMASA<\/td><td class=\"column-2\">1820z\u0142 tona workowana (65 work\u00f3w)<\/td><td class=\"column-3\">28z\u0142 za opakowanie 15kg<\/td>\n<\/tr>\n<\/tbody>\n<\/table>\n<!-- #tablepress-7 from cache -->\n\n\n\n<p><\/p>\n","protected":false},"excerpt":{"rendered":"<p>W naszej ofercie znajd\u0105 Pa\u0144stwo pellet workowany 6mm (15 kg). Sprzeda\u017c detaliczna i hurtowa. Na palecie mie\u015bci si\u0119 65 work\u00f3w.<\/p>\n","protected":false},"author":1,"featured_media":0,"parent":0,"menu_order":1,"comment_status":"closed","ping_status":"closed","template":"template\/template-page-full-width.php","meta":{"ngg_post_thumbnail":0},"translation":{"provider":"WPGlobus","version":"2.10.4","language":"en","enabled_languages":["pl","en","de"],"languages":{"pl":{"title":true,"content":true,"excerpt":false},"en":{"title":false,"content":false,"excerpt":false},"de":{"title":false,"content":false,"excerpt":false}}},"_links":{"self":[{"href":"https:\/\/skladopalu.szczecin.pl\/en\/wp-json\/wp\/v2\/pages\/29"}],"collection":[{"href":"https:\/\/skladopalu.szczecin.pl\/en\/wp-json\/wp\/v2\/pages"}],"about":[{"href":"https:\/\/skladopalu.szczecin.pl\/en\/wp-json\/wp\/v2\/types\/page"}],"author":[{"embeddable":true,"href":"https:\/\/skladopalu.szczecin.pl\/en\/wp-json\/wp\/v2\/users\/1"}],"replies":[{"embeddable":true,"href":"https:\/\/skladopalu.szczecin.pl\/en\/wp-json\/wp\/v2\/comments?post=29"}],"version-history":[{"count":38,"href":"https:\/\/skladopalu.szczecin.pl\/en\/wp-json\/wp\/v2\/pages\/29\/revisions"}],"predecessor-version":[{"id":1078,"href":"https:\/\/skladopalu.szczecin.pl\/en\/wp-json\/wp\/v2\/pages\/29\/revisions\/1078"}],"wp:attachment":[{"href":"https:\/\/skladopalu.szczecin.pl\/en\/wp-json\/wp\/v2\/media?parent=29"}],"curies":[{"name":"wp","href":"https:\/\/api.w.org\/{rel}","templated":true}]}}