{"id":23,"date":"2018-06-11T15:25:36","date_gmt":"2018-06-11T13:25:36","guid":{"rendered":"http:\/\/skladopalu.szczecin.pl\/?page_id=23"},"modified":"2023-10-25T10:57:31","modified_gmt":"2023-10-25T08:57:31","slug":"drewno","status":"publish","type":"page","link":"https:\/\/skladopalu.szczecin.pl\/en\/drewno\/","title":{"rendered":"DREWNO KOMINKOWE"},"content":{"rendered":"\n<div class=\"wp-block-image\"><figure class=\"alignright is-resized\"><img loading=\"lazy\" src=\"http:\/\/skladopalu.szczecin.pl\/wp-content\/uploads\/2018\/06\/kwadraaat.jpg\" alt=\"\" class=\"wp-image-108\" width=\"224\" height=\"224\" srcset=\"https:\/\/skladopalu.szczecin.pl\/wp-content\/uploads\/2018\/06\/kwadraaat.jpg 1011w, https:\/\/skladopalu.szczecin.pl\/wp-content\/uploads\/2018\/06\/kwadraaat-150x150.jpg 150w, https:\/\/skladopalu.szczecin.pl\/wp-content\/uploads\/2018\/06\/kwadraaat-300x300.jpg 300w, https:\/\/skladopalu.szczecin.pl\/wp-content\/uploads\/2018\/06\/kwadraaat-768x768.jpg 768w\" sizes=\"(max-width: 224px) 100vw, 224px\" \/><\/figure><\/div>\n\n\n\n<p class=\"has-medium-font-size\">Dost\u0119pne gatunki drewna kominkowego: <strong>buk, d\u0105b, brzoza, olcha, sosna.<\/strong><\/p>\n\n\n\n<p class=\"has-medium-font-size\">Drewno kominkowe ci\u0119te na ok. 30 cm d\u0142ugo\u015bci. Na \u017cyczenie klienta mo\u017cemy dostosowa\u0107 d\u0142ugo\u015b\u0107 ci\u0119cia od 25 cm &#8211; 40 cm. <\/p>\n\n\n\n<p class=\"has-medium-font-size\">Drewno uk\u0142adane jest na drewnianej palecie. Pakowane jest w spos\u00f3b umo\u017cliwiaj\u0105cy wysychanie i \u0142atwy transport. Oferujemy r\u00f3wnie\u017c drewno workowane lub sprzedawane luzem.<\/p>\n\n\n\n<p class=\"has-medium-font-size\">Istnieje mo\u017cliwo\u015b\u0107 <strong>sezonowania<\/strong> drewna na naszym sk\u0142adzie.<\/p>\n\n\n\n<p class=\"has-medium-font-size\">Oferujemy r\u00f3wnie\u017c us\u0142ug\u0119 <strong>ci\u0119cia drewna<\/strong>.<\/p>\n\n\n\n<p class=\"has-medium-font-size\">Na naszym sk\u0142adzie mo\u017cna sprawdzi\u0107 wilgotno\u015b\u0107 drewna.<\/p>\n\n\n\n<table id=\"tablepress-9\" class=\"tablepress tablepress-id-9\">\n<thead>\n<tr class=\"row-1 odd\">\n\t<th class=\"column-1\">Nazwa<\/th><th class=\"column-2\">Opis<\/th><th class=\"column-3\">Cena<\/th>\n<\/tr>\n<\/thead>\n<tbody class=\"row-hover\">\n<tr class=\"row-2 even\">\n\t<td class=\"column-1\">DREWNO KOMINKOWE, OPA\u0141OWE<br \/>\nbuk, d\u0105b<\/td><td class=\"column-2\">Drewno luzem, cena za jeden mp<\/td><td class=\"column-3\">450z\u0142<\/td>\n<\/tr>\n<tr class=\"row-3 odd\">\n\t<td class=\"column-1\">DREWNO KOMINKOWE, OPA\u0141OWE<br \/>\nBrzoza, olcha<\/td><td class=\"column-2\">Drewno luzem, cena za jeden mp<\/td><td class=\"column-3\">450z\u0142<\/td>\n<\/tr>\n<tr class=\"row-4 even\">\n\t<td class=\"column-1\">DREWNO KOMINKOWE, OPA\u0141OWE<br \/>\nSosna<\/td><td class=\"column-2\">Drewno luzem, cena za jeden mp<\/td><td class=\"column-3\">300z\u0142<\/td>\n<\/tr>\n<tr class=\"row-5 odd\">\n\t<td class=\"column-1\">TROCINY Z DRZEW LI\u015aCIASTYCH<\/td><td class=\"column-2\">Trociny powsta\u0142e w wyniku ci\u0119cia drewna na naszym sk\u0142adzie<\/td><td class=\"column-3\">10z\u0142 za worek 130L<br \/>\n85z\u0142 za BIG-BAG 1000L<\/td>\n<\/tr>\n<tr class=\"row-6 even\">\n\t<td class=\"column-1\">DREWNO ROZPA\u0141KOWE, ROZPA\u0141KA<\/td><td class=\"column-2\">Drobne drewno pakowane w siatk\u0119 <\/td><td class=\"column-3\">20z\u0142<\/td>\n<\/tr>\n<tr class=\"row-7 odd\">\n\t<td class=\"column-1\">PNIAK DO R\u0104BANIA DREWNA BUK<\/td><td class=\"column-2\">Pniaki do r\u0105bania drewna o r\u00f3\u017cnej d\u0142ugo\u015bci i szeroko\u015bci.<\/td><td class=\"column-3\">50z\u0142<\/td>\n<\/tr>\n<\/tbody>\n<\/table>\n<!-- #tablepress-9 from cache -->\n\n\n\n<p class=\"has-vivid-red-color has-text-color\"><strong>Nowo\u015b\u0107!<\/strong><\/p>\n\n\n\n<div class=\"wp-block-image\"><figure class=\"alignleft is-resized\"><img loading=\"lazy\" src=\"http:\/\/skladopalu.szczecin.pl\/wp-content\/uploads\/2019\/03\/pizza-oven-2537308_640.jpg\" alt=\"\" class=\"wp-image-478\" width=\"169\" height=\"98\" srcset=\"https:\/\/skladopalu.szczecin.pl\/wp-content\/uploads\/2019\/03\/pizza-oven-2537308_640.jpg 640w, https:\/\/skladopalu.szczecin.pl\/wp-content\/uploads\/2019\/03\/pizza-oven-2537308_640-300x176.jpg 300w\" sizes=\"(max-width: 169px) 100vw, 169px\" \/><\/figure><\/div>\n\n\n\n<p class=\"has-text-color has-background has-very-light-gray-color has-very-dark-gray-background-color\">Na specjalne zam\u00f3wienie konfekcjonujemy drewno dostosowane do piec\u00f3w s\u0142u\u017c\u0105cych do pieczenia pizzy.<\/p>\n\n\n\n<!-- index.php -->\n<div\n\tclass=\"ngg-galleryoverview ngg-ajax-pagination-none\"\n\tid=\"ngg-gallery-22f20cb73f458692dec10e5bc9e699b5-1\">\n\n    \t<div class=\"slideshowlink\">\n        <a href='https:\/\/skladopalu.szczecin.pl\/en\/drewno\/nggallery\/slideshow'>[Pokaz zdj\u0119\u0107]<\/a>\n\t\t\n\t<\/div>\n\t\t\t<!-- Thumbnails -->\n\t\t\t\t<div id=\"ngg-image-0\" class=\"ngg-gallery-thumbnail-box\" >\n\t\t\t\t        <div class=\"ngg-gallery-thumbnail\">\n            <a href=\"https:\/\/skladopalu.szczecin.pl\/wp-content\/gallery\/drewno\/drewno_edited.jpg\"\n               title=\"\"\n               data-src=\"https:\/\/skladopalu.szczecin.pl\/wp-content\/gallery\/drewno\/drewno_edited.jpg\"\n               data-thumbnail=\"https:\/\/skladopalu.szczecin.pl\/wp-content\/gallery\/drewno\/thumbs\/thumbs_drewno_edited.jpg\"\n               data-image-id=\"25\"\n               data-title=\"drewno_edited\"\n               data-description=\"\"\n               data-image-slug=\"drewno_edited\"\n               class=\"ngg-fancybox\" rel=\"22f20cb73f458692dec10e5bc9e699b5\">\n                <img\n                    title=\"drewno_edited\"\n                    alt=\"drewno_edited\"\n                    src=\"https:\/\/skladopalu.szczecin.pl\/wp-content\/gallery\/drewno\/thumbs\/thumbs_drewno_edited.jpg\"\n                    width=\"240\"\n                    height=\"160\"\n                    style=\"max-width:100%;\"\n                \/>\n            <\/a>\n        <\/div>\n\t\t\t\t\t\t\t<\/div> \n\t\t\t\n        \n\t\t\t\t<div id=\"ngg-image-1\" class=\"ngg-gallery-thumbnail-box\" >\n\t\t\t\t        <div class=\"ngg-gallery-thumbnail\">\n            <a href=\"https:\/\/skladopalu.szczecin.pl\/wp-content\/gallery\/drewno\/IMG_20180706_121356_edited.jpg\"\n               title=\"\"\n               data-src=\"https:\/\/skladopalu.szczecin.pl\/wp-content\/gallery\/drewno\/IMG_20180706_121356_edited.jpg\"\n               data-thumbnail=\"https:\/\/skladopalu.szczecin.pl\/wp-content\/gallery\/drewno\/thumbs\/thumbs_IMG_20180706_121356_edited.jpg\"\n               data-image-id=\"27\"\n               data-title=\"IMG_20180706_121356_edited\"\n               data-description=\"\"\n               data-image-slug=\"img_20180706_121356_edited\"\n               class=\"ngg-fancybox\" rel=\"22f20cb73f458692dec10e5bc9e699b5\">\n                <img\n                    title=\"IMG_20180706_121356_edited\"\n                    alt=\"IMG_20180706_121356_edited\"\n                    src=\"https:\/\/skladopalu.szczecin.pl\/wp-content\/gallery\/drewno\/thumbs\/thumbs_IMG_20180706_121356_edited.jpg\"\n                    width=\"240\"\n                    height=\"160\"\n                    style=\"max-width:100%;\"\n                \/>\n            <\/a>\n        <\/div>\n\t\t\t\t\t\t\t<\/div> \n\t\t\t\n        \n\t\t\t\t<div id=\"ngg-image-2\" class=\"ngg-gallery-thumbnail-box\" >\n\t\t\t\t        <div class=\"ngg-gallery-thumbnail\">\n            <a href=\"https:\/\/skladopalu.szczecin.pl\/wp-content\/gallery\/drewno\/IMG_20180706_121407_edited.jpg\"\n               title=\"\"\n               data-src=\"https:\/\/skladopalu.szczecin.pl\/wp-content\/gallery\/drewno\/IMG_20180706_121407_edited.jpg\"\n               data-thumbnail=\"https:\/\/skladopalu.szczecin.pl\/wp-content\/gallery\/drewno\/thumbs\/thumbs_IMG_20180706_121407_edited.jpg\"\n               data-image-id=\"28\"\n               data-title=\"IMG_20180706_121407_edited\"\n               data-description=\"\"\n               data-image-slug=\"img_20180706_121407_edited\"\n               class=\"ngg-fancybox\" rel=\"22f20cb73f458692dec10e5bc9e699b5\">\n                <img\n                    title=\"IMG_20180706_121407_edited\"\n                    alt=\"IMG_20180706_121407_edited\"\n                    src=\"https:\/\/skladopalu.szczecin.pl\/wp-content\/gallery\/drewno\/thumbs\/thumbs_IMG_20180706_121407_edited.jpg\"\n                    width=\"240\"\n                    height=\"160\"\n                    style=\"max-width:100%;\"\n                \/>\n            <\/a>\n        <\/div>\n\t\t\t\t\t\t\t<\/div> \n\t\t\t\n        \n\t\t\t\t<div id=\"ngg-image-3\" class=\"ngg-gallery-thumbnail-box\" >\n\t\t\t\t        <div class=\"ngg-gallery-thumbnail\">\n            <a href=\"https:\/\/skladopalu.szczecin.pl\/wp-content\/gallery\/drewno\/IMG_20180925_1149h24_edited.jpg\"\n               title=\"dav\"\n               data-src=\"https:\/\/skladopalu.szczecin.pl\/wp-content\/gallery\/drewno\/IMG_20180925_1149h24_edited.jpg\"\n               data-thumbnail=\"https:\/\/skladopalu.szczecin.pl\/wp-content\/gallery\/drewno\/thumbs\/thumbs_IMG_20180925_1149h24_edited.jpg\"\n               data-image-id=\"32\"\n               data-title=\"dav\"\n               data-description=\"dav\"\n               data-image-slug=\"img_20180925_1149h24_edited\"\n               class=\"ngg-fancybox\" rel=\"22f20cb73f458692dec10e5bc9e699b5\">\n                <img\n                    title=\"dav\"\n                    alt=\"dav\"\n                    src=\"https:\/\/skladopalu.szczecin.pl\/wp-content\/gallery\/drewno\/thumbs\/thumbs_IMG_20180925_1149h24_edited.jpg\"\n                    width=\"240\"\n                    height=\"160\"\n                    style=\"max-width:100%;\"\n                \/>\n            <\/a>\n        <\/div>\n\t\t\t\t\t\t\t<\/div> \n\t\t\t\n        \n\t\t\t\t<div id=\"ngg-image-4\" class=\"ngg-gallery-thumbnail-box\" >\n\t\t\t\t        <div class=\"ngg-gallery-thumbnail\">\n            <a href=\"https:\/\/skladopalu.szczecin.pl\/wp-content\/gallery\/drewno\/IMG_20180925_114649_edited.jpg\"\n               title=\"dav\"\n               data-src=\"https:\/\/skladopalu.szczecin.pl\/wp-content\/gallery\/drewno\/IMG_20180925_114649_edited.jpg\"\n               data-thumbnail=\"https:\/\/skladopalu.szczecin.pl\/wp-content\/gallery\/drewno\/thumbs\/thumbs_IMG_20180925_114649_edited.jpg\"\n               data-image-id=\"34\"\n               data-title=\"dav\"\n               data-description=\"dav\"\n               data-image-slug=\"img_20180925_114649_edited\"\n               class=\"ngg-fancybox\" rel=\"22f20cb73f458692dec10e5bc9e699b5\">\n                <img\n                    title=\"dav\"\n                    alt=\"dav\"\n                    src=\"https:\/\/skladopalu.szczecin.pl\/wp-content\/gallery\/drewno\/thumbs\/thumbs_IMG_20180925_114649_edited.jpg\"\n                    width=\"240\"\n                    height=\"160\"\n                    style=\"max-width:100%;\"\n                \/>\n            <\/a>\n        <\/div>\n\t\t\t\t\t\t\t<\/div> \n\t\t\t\n        \n\t\t\t\t<div id=\"ngg-image-5\" class=\"ngg-gallery-thumbnail-box\" >\n\t\t\t\t        <div class=\"ngg-gallery-thumbnail\">\n            <a href=\"https:\/\/skladopalu.szczecin.pl\/wp-content\/gallery\/drewno\/IMG_20190226_164929.jpg\"\n               title=\"\"\n               data-src=\"https:\/\/skladopalu.szczecin.pl\/wp-content\/gallery\/drewno\/IMG_20190226_164929.jpg\"\n               data-thumbnail=\"https:\/\/skladopalu.szczecin.pl\/wp-content\/gallery\/drewno\/thumbs\/thumbs_IMG_20190226_164929.jpg\"\n               data-image-id=\"37\"\n               data-title=\"dav\"\n               data-description=\"\"\n               data-image-slug=\"img_20190226_164929\"\n               class=\"ngg-fancybox\" rel=\"22f20cb73f458692dec10e5bc9e699b5\">\n                <img\n                    title=\"dav\"\n                    alt=\"dav\"\n                    src=\"https:\/\/skladopalu.szczecin.pl\/wp-content\/gallery\/drewno\/thumbs\/thumbs_IMG_20190226_164929.jpg\"\n                    width=\"240\"\n                    height=\"160\"\n                    style=\"max-width:100%;\"\n                \/>\n            <\/a>\n        <\/div>\n\t\t\t\t\t\t\t<\/div> \n\t\t\t\n        \n\t\t\t\t<div id=\"ngg-image-6\" class=\"ngg-gallery-thumbnail-box\" >\n\t\t\t\t        <div class=\"ngg-gallery-thumbnail\">\n            <a href=\"https:\/\/skladopalu.szczecin.pl\/wp-content\/gallery\/drewno\/IMG_20190225_105652.jpg\"\n               title=\"\"\n               data-src=\"https:\/\/skladopalu.szczecin.pl\/wp-content\/gallery\/drewno\/IMG_20190225_105652.jpg\"\n               data-thumbnail=\"https:\/\/skladopalu.szczecin.pl\/wp-content\/gallery\/drewno\/thumbs\/thumbs_IMG_20190225_105652.jpg\"\n               data-image-id=\"38\"\n               data-title=\"dav\"\n               data-description=\"\"\n               data-image-slug=\"img_20190225_105652\"\n               class=\"ngg-fancybox\" rel=\"22f20cb73f458692dec10e5bc9e699b5\">\n                <img\n                    title=\"dav\"\n                    alt=\"dav\"\n                    src=\"https:\/\/skladopalu.szczecin.pl\/wp-content\/gallery\/drewno\/thumbs\/thumbs_IMG_20190225_105652.jpg\"\n                    width=\"240\"\n                    height=\"160\"\n                    style=\"max-width:100%;\"\n                \/>\n            <\/a>\n        <\/div>\n\t\t\t\t\t\t\t<\/div> \n\t\t\t\n        \n\t\t\t\t<div id=\"ngg-image-7\" class=\"ngg-gallery-thumbnail-box\" >\n\t\t\t\t        <div class=\"ngg-gallery-thumbnail\">\n            <a href=\"https:\/\/skladopalu.szczecin.pl\/wp-content\/gallery\/drewno\/IMG_20190225_105539.jpg\"\n               title=\"\"\n               data-src=\"https:\/\/skladopalu.szczecin.pl\/wp-content\/gallery\/drewno\/IMG_20190225_105539.jpg\"\n               data-thumbnail=\"https:\/\/skladopalu.szczecin.pl\/wp-content\/gallery\/drewno\/thumbs\/thumbs_IMG_20190225_105539.jpg\"\n               data-image-id=\"39\"\n               data-title=\"dav\"\n               data-description=\"\"\n               data-image-slug=\"img_20190225_105539\"\n               class=\"ngg-fancybox\" rel=\"22f20cb73f458692dec10e5bc9e699b5\">\n                <img\n                    title=\"dav\"\n                    alt=\"dav\"\n                    src=\"https:\/\/skladopalu.szczecin.pl\/wp-content\/gallery\/drewno\/thumbs\/thumbs_IMG_20190225_105539.jpg\"\n                    width=\"240\"\n                    height=\"160\"\n                    style=\"max-width:100%;\"\n                \/>\n            <\/a>\n        <\/div>\n\t\t\t\t\t\t\t<\/div> \n\t\t\t\n        \n\t\t\n\t\t<!-- Pagination -->\n\t<div class='ngg-clear'><\/div>\t<\/div>\n\n\n\n\n\n<table id=\"tablepress-3\" class=\"tablepress tablepress-id-3\">\n<tbody>\n<tr class=\"row-1\">\n\t<td class=\"column-1\"><img src=\"http:\/\/skladopalu.szczecin.pl\/wp-content\/uploads\/2018\/06\/logo-kwadrat-150x150.jpg\" alt=\"\" width=\"150\" height=\"150\" class=\"alignleft size-thumbnail wp-image-111\" \/> <strong>Sk\u0142ad Kamieni i Opa\u0142u<\/strong><br \/>\nul. \u015awierczewska 5<br \/>\n71-066 Szczecin<br \/>\n<br \/>\ntel.\u00a0+48 91 453 14 57\u00a0 lub\u00a0\u00a0+48 517 596 546<br \/>\nkolskijaroslaw@gmail.com<\/td>\n<\/tr>\n<\/tbody>\n<\/table>\n<!-- #tablepress-3 from cache -->\n","protected":false},"excerpt":{"rendered":"<p>Dost\u0119pne gatunki drewna kominkowego: buk, d\u0105b, brzoza, olcha, sosna. Drewno kominkowe ci\u0119te na ok. 30 cm d\u0142ugo\u015bci. Na \u017cyczenie klienta mo\u017cemy dostosowa\u0107 d\u0142ugo\u015b\u0107 ci\u0119cia od 25 cm &#8211; 40 cm. Drewno uk\u0142adane jest na drewnianej palecie. Pakowane jest w spos\u00f3b umo\u017cliwiaj\u0105cy wysychanie i \u0142atwy transport. Oferujemy r\u00f3wnie\u017c drewno workowane lub sprzedawane luzem. Istnieje mo\u017cliwo\u015b\u0107 sezonowania<\/p><\/div>\n<div class=\"blog-btn\"><a href=\"https:\/\/skladopalu.szczecin.pl\/en\/drewno\/\" class=\"home-blog-btn\">Read More<\/a><\/p>\n","protected":false},"author":1,"featured_media":0,"parent":0,"menu_order":3,"comment_status":"closed","ping_status":"closed","template":"template\/template-page-full-width.php","meta":{"ngg_post_thumbnail":0},"translation":{"provider":"WPGlobus","version":"2.10.4","language":"en","enabled_languages":["pl","en","de"],"languages":{"pl":{"title":true,"content":true,"excerpt":false},"en":{"title":false,"content":false,"excerpt":false},"de":{"title":true,"content":true,"excerpt":false}}},"_links":{"self":[{"href":"https:\/\/skladopalu.szczecin.pl\/en\/wp-json\/wp\/v2\/pages\/23"}],"collection":[{"href":"https:\/\/skladopalu.szczecin.pl\/en\/wp-json\/wp\/v2\/pages"}],"about":[{"href":"https:\/\/skladopalu.szczecin.pl\/en\/wp-json\/wp\/v2\/types\/page"}],"author":[{"embeddable":true,"href":"https:\/\/skladopalu.szczecin.pl\/en\/wp-json\/wp\/v2\/users\/1"}],"replies":[{"embeddable":true,"href":"https:\/\/skladopalu.szczecin.pl\/en\/wp-json\/wp\/v2\/comments?post=23"}],"version-history":[{"count":46,"href":"https:\/\/skladopalu.szczecin.pl\/en\/wp-json\/wp\/v2\/pages\/23\/revisions"}],"predecessor-version":[{"id":954,"href":"https:\/\/skladopalu.szczecin.pl\/en\/wp-json\/wp\/v2\/pages\/23\/revisions\/954"}],"wp:attachment":[{"href":"https:\/\/skladopalu.szczecin.pl\/en\/wp-json\/wp\/v2\/media?parent=23"}],"curies":[{"name":"wp","href":"https:\/\/api.w.org\/{rel}","templated":true}]}}