{"id":21,"date":"2018-06-11T15:25:10","date_gmt":"2018-06-11T13:25:10","guid":{"rendered":"http:\/\/skladopalu.szczecin.pl\/?page_id=21"},"modified":"2021-03-16T13:14:07","modified_gmt":"2021-03-16T12:14:07","slug":"opal","status":"publish","type":"page","link":"https:\/\/skladopalu.szczecin.pl\/en\/opal\/","title":{"rendered":"OPA\u0141"},"content":{"rendered":"\n<p class=\"has-medium-font-size\">Zapraszamy do zapoznania si\u0119 z ofert\u0105. Ceny aktualizowane s\u0105 na bie\u017c\u0105co.<\/p>\n\n\n\n\n<table id=\"tablepress-7\" class=\"tablepress tablepress-id-7\">\n<thead>\n<tr class=\"row-1 odd\">\n\t<th class=\"column-1\">Nazwa<\/th><th class=\"column-2\">Luzem (1 tona)<\/th><th class=\"column-3\">W worku<\/th>\n<\/tr>\n<\/thead>\n<tbody class=\"row-hover\">\n<tr class=\"row-2 even\">\n\t<td class=\"column-1\">W\u0118GIEL POLSKI KOPALNIA MARCEL<\/td><td class=\"column-2\">2000z\u0142 luzem<br \/>\n2200z\u0142 workowana<\/td><td class=\"column-3\">55z\u0142 za worek 25kg<\/td>\n<\/tr>\n<tr class=\"row-3 odd\">\n\t<td class=\"column-1\">W\u0118GIEL KAZACHSTAN<\/td><td class=\"column-2\">1600z\u0142 luzem<br \/>\n1800z\u0142 workowana<\/td><td class=\"column-3\">45z\u0142 worek 25kg<\/td>\n<\/tr>\n<tr class=\"row-4 even\">\n\t<td class=\"column-1\">W\u0118GIEL ORZECH I KAZACHSTAN<\/td><td class=\"column-2\">1800z\u0142 luzem<br \/>\n<\/td><td class=\"column-3\">50z\u0142 za worek 25kg<br \/>\n2000 tona workowana<\/td>\n<\/tr>\n<tr class=\"row-5 odd\">\n\t<td class=\"column-1\">W\u0118GIEL GROSZEK KOLUMBIA 5-25MM<\/td><td class=\"column-2\">1400z\u0142<\/td><td class=\"column-3\">37,50z\u0142 za worek 25kg<br \/>\n1500z\u0142 tona workowana<\/td>\n<\/tr>\n<tr class=\"row-6 even\">\n\t<td class=\"column-1\">W\u0118GIEL GROSZEK KAZACHSTAN 5-25MM<\/td><td class=\"column-2\">1400z\u0142<\/td><td class=\"column-3\">37,50z\u0142 za worek 25kg<br \/>\n1500z\u0142 tona workowana<\/td>\n<\/tr>\n<tr class=\"row-7 odd\">\n\t<td class=\"column-1\">BRYKIET DRZEWNY<\/td><td colspan=\"2\" class=\"column-2\">chwilowo brak<\/td>\n<\/tr>\n<tr class=\"row-8 even\">\n\t<td class=\"column-1\">KOKS ORZECH II HUTA ZDZIESZOWICE<\/td><td class=\"column-2\">2200z\u0142 luzem<\/td><td class=\"column-3\">60z\u0142 worek 25kg<br \/>\n2400 tona workowna<\/td>\n<\/tr>\n<tr class=\"row-9 odd\">\n\t<td class=\"column-1\">PELLET PREMIUM BIOMASA<\/td><td class=\"column-2\">2080z\u0142 tona workowana (65 work\u00f3w)<\/td><td class=\"column-3\">32z\u0142 za opakowanie 15kg<\/td>\n<\/tr>\n<\/tbody>\n<\/table>\n<!-- #tablepress-7 from cache -->\n\n\n\n<!-- index.php -->\n<div\n\tclass=\"ngg-galleryoverview ngg-ajax-pagination-none\"\n\tid=\"ngg-gallery-f59068692be337d1cf03356d11a567d6-1\">\n\n    \t<div class=\"slideshowlink\">\n        <a href='https:\/\/skladopalu.szczecin.pl\/en\/opal\/nggallery\/slideshow'>[Pokaz zdj\u0119\u0107]<\/a>\n\t\t\n\t<\/div>\n\t\t\t<!-- Thumbnails -->\n\t\t\t\t<div id=\"ngg-image-0\" class=\"ngg-gallery-thumbnail-box\" >\n\t\t\t\t        <div class=\"ngg-gallery-thumbnail\">\n            <a href=\"https:\/\/skladopalu.szczecin.pl\/wp-content\/gallery\/opal\/1.jpg\"\n               title=\"\"\n               data-src=\"https:\/\/skladopalu.szczecin.pl\/wp-content\/gallery\/opal\/1.jpg\"\n               data-thumbnail=\"https:\/\/skladopalu.szczecin.pl\/wp-content\/gallery\/opal\/thumbs\/thumbs_1.jpg\"\n               data-image-id=\"24\"\n               data-title=\"1\"\n               data-description=\"\"\n               data-image-slug=\"1\"\n               class=\"ngg-fancybox\" rel=\"f59068692be337d1cf03356d11a567d6\">\n                <img\n                    title=\"1\"\n                    alt=\"1\"\n                    src=\"https:\/\/skladopalu.szczecin.pl\/wp-content\/gallery\/opal\/thumbs\/thumbs_1.jpg\"\n                    width=\"240\"\n                    height=\"160\"\n                    style=\"max-width:100%;\"\n                \/>\n            <\/a>\n        <\/div>\n\t\t\t\t\t\t\t<\/div> \n\t\t\t\n        \n\t\t\t\t<div id=\"ngg-image-1\" class=\"ngg-gallery-thumbnail-box\" >\n\t\t\t\t        <div class=\"ngg-gallery-thumbnail\">\n            <a href=\"https:\/\/skladopalu.szczecin.pl\/wp-content\/gallery\/opal\/IMG_20180706_121959_edited.jpg\"\n               title=\"\"\n               data-src=\"https:\/\/skladopalu.szczecin.pl\/wp-content\/gallery\/opal\/IMG_20180706_121959_edited.jpg\"\n               data-thumbnail=\"https:\/\/skladopalu.szczecin.pl\/wp-content\/gallery\/opal\/thumbs\/thumbs_IMG_20180706_121959_edited.jpg\"\n               data-image-id=\"29\"\n               data-title=\"IMG_20180706_121959_edited\"\n               data-description=\"\"\n               data-image-slug=\"img_20180706_121959_edited\"\n               class=\"ngg-fancybox\" rel=\"f59068692be337d1cf03356d11a567d6\">\n                <img\n                    title=\"IMG_20180706_121959_edited\"\n                    alt=\"IMG_20180706_121959_edited\"\n                    src=\"https:\/\/skladopalu.szczecin.pl\/wp-content\/gallery\/opal\/thumbs\/thumbs_IMG_20180706_121959_edited.jpg\"\n                    width=\"240\"\n                    height=\"160\"\n                    style=\"max-width:100%;\"\n                \/>\n            <\/a>\n        <\/div>\n\t\t\t\t\t\t\t<\/div> \n\t\t\t\n        \n\t\t\t\t<div id=\"ngg-image-2\" class=\"ngg-gallery-thumbnail-box\" >\n\t\t\t\t        <div class=\"ngg-gallery-thumbnail\">\n            <a href=\"https:\/\/skladopalu.szczecin.pl\/wp-content\/gallery\/opal\/IMG_20181004_101332.jpg\"\n               title=\"\"\n               data-src=\"https:\/\/skladopalu.szczecin.pl\/wp-content\/gallery\/opal\/IMG_20181004_101332.jpg\"\n               data-thumbnail=\"https:\/\/skladopalu.szczecin.pl\/wp-content\/gallery\/opal\/thumbs\/thumbs_IMG_20181004_101332.jpg\"\n               data-image-id=\"36\"\n               data-title=\"dav\"\n               data-description=\"\"\n               data-image-slug=\"img_20181004_101332\"\n               class=\"ngg-fancybox\" rel=\"f59068692be337d1cf03356d11a567d6\">\n                <img\n                    title=\"dav\"\n                    alt=\"dav\"\n                    src=\"https:\/\/skladopalu.szczecin.pl\/wp-content\/gallery\/opal\/thumbs\/thumbs_IMG_20181004_101332.jpg\"\n                    width=\"240\"\n                    height=\"160\"\n                    style=\"max-width:100%;\"\n                \/>\n            <\/a>\n        <\/div>\n\t\t\t\t\t\t\t<\/div> \n\t\t\t\n        \n\t\t\n\t\t<!-- Pagination -->\n\t<div class='ngg-clear'><\/div>\t<\/div>\n\n","protected":false},"excerpt":{"rendered":"<p>Zapraszamy do zapoznania si\u0119 z ofert\u0105. Ceny aktualizowane s\u0105 na bie\u017c\u0105co.<\/p>\n","protected":false},"author":1,"featured_media":0,"parent":0,"menu_order":2,"comment_status":"closed","ping_status":"closed","template":"template\/template-page-full-width.php","meta":{"ngg_post_thumbnail":0},"translation":{"provider":"WPGlobus","version":"2.10.4","language":"en","enabled_languages":["pl","en","de"],"languages":{"pl":{"title":true,"content":true,"excerpt":false},"en":{"title":false,"content":false,"excerpt":false},"de":{"title":true,"content":true,"excerpt":false}}},"_links":{"self":[{"href":"https:\/\/skladopalu.szczecin.pl\/en\/wp-json\/wp\/v2\/pages\/21"}],"collection":[{"href":"https:\/\/skladopalu.szczecin.pl\/en\/wp-json\/wp\/v2\/pages"}],"about":[{"href":"https:\/\/skladopalu.szczecin.pl\/en\/wp-json\/wp\/v2\/types\/page"}],"author":[{"embeddable":true,"href":"https:\/\/skladopalu.szczecin.pl\/en\/wp-json\/wp\/v2\/users\/1"}],"replies":[{"embeddable":true,"href":"https:\/\/skladopalu.szczecin.pl\/en\/wp-json\/wp\/v2\/comments?post=21"}],"version-history":[{"count":12,"href":"https:\/\/skladopalu.szczecin.pl\/en\/wp-json\/wp\/v2\/pages\/21\/revisions"}],"predecessor-version":[{"id":664,"href":"https:\/\/skladopalu.szczecin.pl\/en\/wp-json\/wp\/v2\/pages\/21\/revisions\/664"}],"wp:attachment":[{"href":"https:\/\/skladopalu.szczecin.pl\/en\/wp-json\/wp\/v2\/media?parent=21"}],"curies":[{"name":"wp","href":"https:\/\/api.w.org\/{rel}","templated":true}]}}