{"id":23,"date":"2018-06-11T15:25:36","date_gmt":"2018-06-11T13:25:36","guid":{"rendered":"http:\/\/skladopalu.szczecin.pl\/?page_id=23"},"modified":"2023-10-25T10:57:31","modified_gmt":"2023-10-25T08:57:31","slug":"drewno","status":"publish","type":"page","link":"https:\/\/skladopalu.szczecin.pl\/de\/drewno\/","title":{"rendered":"BRENNHOLZ"},"content":{"rendered":"\n<div class=\"wp-block-image\"><figure class=\"alignright is-resized\"><img loading=\"lazy\" src=\"http:\/\/skladopalu.szczecin.pl\/wp-content\/uploads\/2018\/06\/kwadraaat.jpg\" alt=\"\" class=\"wp-image-108\" width=\"224\" height=\"224\" srcset=\"https:\/\/skladopalu.szczecin.pl\/wp-content\/uploads\/2018\/06\/kwadraaat.jpg 1011w, https:\/\/skladopalu.szczecin.pl\/wp-content\/uploads\/2018\/06\/kwadraaat-150x150.jpg 150w, https:\/\/skladopalu.szczecin.pl\/wp-content\/uploads\/2018\/06\/kwadraaat-300x300.jpg 300w, https:\/\/skladopalu.szczecin.pl\/wp-content\/uploads\/2018\/06\/kwadraaat-768x768.jpg 768w\" sizes=\"(max-width: 224px) 100vw, 224px\" \/><\/figure><\/div>\n\n\n\n<p class=\"has-medium-font-size\">Wir bieten solche Brennholz: Buche, Eiche, Birke, Erle, Kiefer.<\/p>\n\n\n\n<p class=\"has-medium-font-size\">Brennholz geschnitten auf ca. 30 cm L\u00e4nge. Auf Kundenwunsch k\u00f6nnen wir die Schnittl\u00e4nge von 25 cm &#8211; 40 cm einstellen.<\/p>\n\n\n\n<p class=\"has-medium-font-size\">Das Holz wird auf eine Holzpalette gelegt. Es ist so verpackt, dass es trocknen und leicht transportieren kann. Wir verkaufen auch Holz in S\u00e4cken.<\/p>\n\n\n\n<p class=\"has-medium-font-size\">In unserem Lager besteht die M\u00f6glichkeit, Holz zu w\u00fcrzen.<\/p>\n\n\n\n<p class=\"has-text-color has-vivid-red-color\"><strong>Nowo\u015b\u0107!<\/strong><\/p>\n\n\n\n<div class=\"wp-block-image\"><figure class=\"alignleft is-resized\"><img loading=\"lazy\" src=\"http:\/\/skladopalu.szczecin.pl\/wp-content\/uploads\/2019\/03\/pizza-oven-2537308_640.jpg\" alt=\"\" class=\"wp-image-478\" width=\"169\" height=\"98\" srcset=\"https:\/\/skladopalu.szczecin.pl\/wp-content\/uploads\/2019\/03\/pizza-oven-2537308_640.jpg 640w, https:\/\/skladopalu.szczecin.pl\/wp-content\/uploads\/2019\/03\/pizza-oven-2537308_640-300x176.jpg 300w\" sizes=\"(max-width: 169px) 100vw, 169px\" \/><\/figure><\/div>\n\n\n\n<p class=\"has-text-color has-background has-very-light-gray-color has-very-dark-gray-background-color\">Auf Sonderbestellung verpacken wir Holz, das den \u00d6fen zum Pizzabacken angepasst ist.<\/p>\n\n\n\n<!-- index.php -->\n<div\n\tclass=\"ngg-galleryoverview ngg-ajax-pagination-none\"\n\tid=\"ngg-gallery-22f20cb73f458692dec10e5bc9e699b5-1\">\n\n    \t<div class=\"slideshowlink\">\n        <a href='https:\/\/skladopalu.szczecin.pl\/de\/drewno\/nggallery\/slideshow'>[Pokaz zdj\u0119\u0107]<\/a>\n\t\t\n\t<\/div>\n\t\t\t<!-- Thumbnails -->\n\t\t\t\t<div id=\"ngg-image-0\" class=\"ngg-gallery-thumbnail-box\" >\n\t\t\t\t        <div class=\"ngg-gallery-thumbnail\">\n            <a href=\"https:\/\/skladopalu.szczecin.pl\/wp-content\/gallery\/drewno\/drewno_edited.jpg\"\n               title=\"\"\n               data-src=\"https:\/\/skladopalu.szczecin.pl\/wp-content\/gallery\/drewno\/drewno_edited.jpg\"\n               data-thumbnail=\"https:\/\/skladopalu.szczecin.pl\/wp-content\/gallery\/drewno\/thumbs\/thumbs_drewno_edited.jpg\"\n               data-image-id=\"25\"\n               data-title=\"drewno_edited\"\n               data-description=\"\"\n               data-image-slug=\"drewno_edited\"\n               class=\"ngg-fancybox\" rel=\"22f20cb73f458692dec10e5bc9e699b5\">\n                <img\n                    title=\"drewno_edited\"\n                    alt=\"drewno_edited\"\n                    src=\"https:\/\/skladopalu.szczecin.pl\/wp-content\/gallery\/drewno\/thumbs\/thumbs_drewno_edited.jpg\"\n                    width=\"240\"\n                    height=\"160\"\n                    style=\"max-width:100%;\"\n                \/>\n            <\/a>\n        <\/div>\n\t\t\t\t\t\t\t<\/div> \n\t\t\t\n        \n\t\t\t\t<div id=\"ngg-image-1\" class=\"ngg-gallery-thumbnail-box\" >\n\t\t\t\t        <div class=\"ngg-gallery-thumbnail\">\n            <a href=\"https:\/\/skladopalu.szczecin.pl\/wp-content\/gallery\/drewno\/IMG_20180706_121356_edited.jpg\"\n               title=\"\"\n               data-src=\"https:\/\/skladopalu.szczecin.pl\/wp-content\/gallery\/drewno\/IMG_20180706_121356_edited.jpg\"\n               data-thumbnail=\"https:\/\/skladopalu.szczecin.pl\/wp-content\/gallery\/drewno\/thumbs\/thumbs_IMG_20180706_121356_edited.jpg\"\n               data-image-id=\"27\"\n               data-title=\"IMG_20180706_121356_edited\"\n               data-description=\"\"\n               data-image-slug=\"img_20180706_121356_edited\"\n               class=\"ngg-fancybox\" rel=\"22f20cb73f458692dec10e5bc9e699b5\">\n                <img\n                    title=\"IMG_20180706_121356_edited\"\n                    alt=\"IMG_20180706_121356_edited\"\n                    src=\"https:\/\/skladopalu.szczecin.pl\/wp-content\/gallery\/drewno\/thumbs\/thumbs_IMG_20180706_121356_edited.jpg\"\n                    width=\"240\"\n                    height=\"160\"\n                    style=\"max-width:100%;\"\n                \/>\n            <\/a>\n        <\/div>\n\t\t\t\t\t\t\t<\/div> \n\t\t\t\n        \n\t\t\t\t<div id=\"ngg-image-2\" class=\"ngg-gallery-thumbnail-box\" >\n\t\t\t\t        <div class=\"ngg-gallery-thumbnail\">\n            <a href=\"https:\/\/skladopalu.szczecin.pl\/wp-content\/gallery\/drewno\/IMG_20180706_121407_edited.jpg\"\n               title=\"\"\n               data-src=\"https:\/\/skladopalu.szczecin.pl\/wp-content\/gallery\/drewno\/IMG_20180706_121407_edited.jpg\"\n               data-thumbnail=\"https:\/\/skladopalu.szczecin.pl\/wp-content\/gallery\/drewno\/thumbs\/thumbs_IMG_20180706_121407_edited.jpg\"\n               data-image-id=\"28\"\n               data-title=\"IMG_20180706_121407_edited\"\n               data-description=\"\"\n               data-image-slug=\"img_20180706_121407_edited\"\n               class=\"ngg-fancybox\" rel=\"22f20cb73f458692dec10e5bc9e699b5\">\n                <img\n                    title=\"IMG_20180706_121407_edited\"\n                    alt=\"IMG_20180706_121407_edited\"\n                    src=\"https:\/\/skladopalu.szczecin.pl\/wp-content\/gallery\/drewno\/thumbs\/thumbs_IMG_20180706_121407_edited.jpg\"\n                    width=\"240\"\n                    height=\"160\"\n                    style=\"max-width:100%;\"\n                \/>\n            <\/a>\n        <\/div>\n\t\t\t\t\t\t\t<\/div> \n\t\t\t\n        \n\t\t\t\t<div id=\"ngg-image-3\" class=\"ngg-gallery-thumbnail-box\" >\n\t\t\t\t        <div class=\"ngg-gallery-thumbnail\">\n            <a href=\"https:\/\/skladopalu.szczecin.pl\/wp-content\/gallery\/drewno\/IMG_20180925_1149h24_edited.jpg\"\n               title=\"dav\"\n               data-src=\"https:\/\/skladopalu.szczecin.pl\/wp-content\/gallery\/drewno\/IMG_20180925_1149h24_edited.jpg\"\n               data-thumbnail=\"https:\/\/skladopalu.szczecin.pl\/wp-content\/gallery\/drewno\/thumbs\/thumbs_IMG_20180925_1149h24_edited.jpg\"\n               data-image-id=\"32\"\n               data-title=\"dav\"\n               data-description=\"dav\"\n               data-image-slug=\"img_20180925_1149h24_edited\"\n               class=\"ngg-fancybox\" rel=\"22f20cb73f458692dec10e5bc9e699b5\">\n                <img\n                    title=\"dav\"\n                    alt=\"dav\"\n                    src=\"https:\/\/skladopalu.szczecin.pl\/wp-content\/gallery\/drewno\/thumbs\/thumbs_IMG_20180925_1149h24_edited.jpg\"\n                    width=\"240\"\n                    height=\"160\"\n                    style=\"max-width:100%;\"\n                \/>\n            <\/a>\n        <\/div>\n\t\t\t\t\t\t\t<\/div> \n\t\t\t\n        \n\t\t\t\t<div id=\"ngg-image-4\" class=\"ngg-gallery-thumbnail-box\" >\n\t\t\t\t        <div class=\"ngg-gallery-thumbnail\">\n            <a href=\"https:\/\/skladopalu.szczecin.pl\/wp-content\/gallery\/drewno\/IMG_20180925_114649_edited.jpg\"\n               title=\"dav\"\n               data-src=\"https:\/\/skladopalu.szczecin.pl\/wp-content\/gallery\/drewno\/IMG_20180925_114649_edited.jpg\"\n               data-thumbnail=\"https:\/\/skladopalu.szczecin.pl\/wp-content\/gallery\/drewno\/thumbs\/thumbs_IMG_20180925_114649_edited.jpg\"\n               data-image-id=\"34\"\n               data-title=\"dav\"\n               data-description=\"dav\"\n               data-image-slug=\"img_20180925_114649_edited\"\n               class=\"ngg-fancybox\" rel=\"22f20cb73f458692dec10e5bc9e699b5\">\n                <img\n                    title=\"dav\"\n                    alt=\"dav\"\n                    src=\"https:\/\/skladopalu.szczecin.pl\/wp-content\/gallery\/drewno\/thumbs\/thumbs_IMG_20180925_114649_edited.jpg\"\n                    width=\"240\"\n                    height=\"160\"\n                    style=\"max-width:100%;\"\n                \/>\n            <\/a>\n        <\/div>\n\t\t\t\t\t\t\t<\/div> \n\t\t\t\n        \n\t\t\t\t<div id=\"ngg-image-5\" class=\"ngg-gallery-thumbnail-box\" >\n\t\t\t\t        <div class=\"ngg-gallery-thumbnail\">\n            <a href=\"https:\/\/skladopalu.szczecin.pl\/wp-content\/gallery\/drewno\/IMG_20190226_164929.jpg\"\n               title=\"\"\n               data-src=\"https:\/\/skladopalu.szczecin.pl\/wp-content\/gallery\/drewno\/IMG_20190226_164929.jpg\"\n               data-thumbnail=\"https:\/\/skladopalu.szczecin.pl\/wp-content\/gallery\/drewno\/thumbs\/thumbs_IMG_20190226_164929.jpg\"\n               data-image-id=\"37\"\n               data-title=\"dav\"\n               data-description=\"\"\n               data-image-slug=\"img_20190226_164929\"\n               class=\"ngg-fancybox\" rel=\"22f20cb73f458692dec10e5bc9e699b5\">\n                <img\n                    title=\"dav\"\n                    alt=\"dav\"\n                    src=\"https:\/\/skladopalu.szczecin.pl\/wp-content\/gallery\/drewno\/thumbs\/thumbs_IMG_20190226_164929.jpg\"\n                    width=\"240\"\n                    height=\"160\"\n                    style=\"max-width:100%;\"\n                \/>\n            <\/a>\n        <\/div>\n\t\t\t\t\t\t\t<\/div> \n\t\t\t\n        \n\t\t\t\t<div id=\"ngg-image-6\" class=\"ngg-gallery-thumbnail-box\" >\n\t\t\t\t        <div class=\"ngg-gallery-thumbnail\">\n            <a href=\"https:\/\/skladopalu.szczecin.pl\/wp-content\/gallery\/drewno\/IMG_20190225_105652.jpg\"\n               title=\"\"\n               data-src=\"https:\/\/skladopalu.szczecin.pl\/wp-content\/gallery\/drewno\/IMG_20190225_105652.jpg\"\n               data-thumbnail=\"https:\/\/skladopalu.szczecin.pl\/wp-content\/gallery\/drewno\/thumbs\/thumbs_IMG_20190225_105652.jpg\"\n               data-image-id=\"38\"\n               data-title=\"dav\"\n               data-description=\"\"\n               data-image-slug=\"img_20190225_105652\"\n               class=\"ngg-fancybox\" rel=\"22f20cb73f458692dec10e5bc9e699b5\">\n                <img\n                    title=\"dav\"\n                    alt=\"dav\"\n                    src=\"https:\/\/skladopalu.szczecin.pl\/wp-content\/gallery\/drewno\/thumbs\/thumbs_IMG_20190225_105652.jpg\"\n                    width=\"240\"\n                    height=\"160\"\n                    style=\"max-width:100%;\"\n                \/>\n            <\/a>\n        <\/div>\n\t\t\t\t\t\t\t<\/div> \n\t\t\t\n        \n\t\t\t\t<div id=\"ngg-image-7\" class=\"ngg-gallery-thumbnail-box\" >\n\t\t\t\t        <div class=\"ngg-gallery-thumbnail\">\n            <a href=\"https:\/\/skladopalu.szczecin.pl\/wp-content\/gallery\/drewno\/IMG_20190225_105539.jpg\"\n               title=\"\"\n               data-src=\"https:\/\/skladopalu.szczecin.pl\/wp-content\/gallery\/drewno\/IMG_20190225_105539.jpg\"\n               data-thumbnail=\"https:\/\/skladopalu.szczecin.pl\/wp-content\/gallery\/drewno\/thumbs\/thumbs_IMG_20190225_105539.jpg\"\n               data-image-id=\"39\"\n               data-title=\"dav\"\n               data-description=\"\"\n               data-image-slug=\"img_20190225_105539\"\n               class=\"ngg-fancybox\" rel=\"22f20cb73f458692dec10e5bc9e699b5\">\n                <img\n                    title=\"dav\"\n                    alt=\"dav\"\n                    src=\"https:\/\/skladopalu.szczecin.pl\/wp-content\/gallery\/drewno\/thumbs\/thumbs_IMG_20190225_105539.jpg\"\n                    width=\"240\"\n                    height=\"160\"\n                    style=\"max-width:100%;\"\n                \/>\n            <\/a>\n        <\/div>\n\t\t\t\t\t\t\t<\/div> \n\t\t\t\n        \n\t\t\n\t\t<!-- Pagination -->\n\t<div class='ngg-clear'><\/div>\t<\/div>\n\n\n\n\n\n<table id=\"tablepress-3\" class=\"tablepress tablepress-id-3\">\n<tbody>\n<tr class=\"row-1\">\n\t<td class=\"column-1\"><img src=\"http:\/\/skladopalu.szczecin.pl\/wp-content\/uploads\/2018\/06\/logo-kwadrat-150x150.jpg\" alt=\"\" width=\"150\" height=\"150\" class=\"alignleft size-thumbnail wp-image-111\" \/> <strong>Sk\u0142ad Kamieni i Opa\u0142u<\/strong><br \/>\nul. \u015awierczewska 5<br \/>\n71-066 Szczecin<br \/>\n<br \/>\ntel.\u00a0+48 91 453 14 57\u00a0 lub\u00a0\u00a0+48 517 596 546<br \/>\nkolskijaroslaw@gmail.com<\/td>\n<\/tr>\n<\/tbody>\n<\/table>\n<!-- #tablepress-3 from cache -->\n","protected":false},"excerpt":{"rendered":"<p>Wir bieten solche Brennholz: Buche, Eiche, Birke, Erle, Kiefer. Brennholz geschnitten auf ca. 30 cm L\u00e4nge. Auf Kundenwunsch k\u00f6nnen wir die Schnittl\u00e4nge von 25 cm &#8211; 40 cm einstellen. Das Holz wird auf eine Holzpalette gelegt. Es ist so verpackt, dass es trocknen und leicht transportieren kann. Wir verkaufen auch Holz in S\u00e4cken. In unserem<\/p><\/div>\n<div class=\"blog-btn\"><a href=\"https:\/\/skladopalu.szczecin.pl\/de\/drewno\/\" class=\"home-blog-btn\">Read More<\/a><\/p>\n","protected":false},"author":1,"featured_media":0,"parent":0,"menu_order":3,"comment_status":"closed","ping_status":"closed","template":"template\/template-page-full-width.php","meta":{"ngg_post_thumbnail":0},"translation":{"provider":"WPGlobus","version":"2.10.4","language":"de","enabled_languages":["pl","en","de"],"languages":{"pl":{"title":true,"content":true,"excerpt":false},"en":{"title":false,"content":false,"excerpt":false},"de":{"title":true,"content":true,"excerpt":false}}},"_links":{"self":[{"href":"https:\/\/skladopalu.szczecin.pl\/de\/wp-json\/wp\/v2\/pages\/23"}],"collection":[{"href":"https:\/\/skladopalu.szczecin.pl\/de\/wp-json\/wp\/v2\/pages"}],"about":[{"href":"https:\/\/skladopalu.szczecin.pl\/de\/wp-json\/wp\/v2\/types\/page"}],"author":[{"embeddable":true,"href":"https:\/\/skladopalu.szczecin.pl\/de\/wp-json\/wp\/v2\/users\/1"}],"replies":[{"embeddable":true,"href":"https:\/\/skladopalu.szczecin.pl\/de\/wp-json\/wp\/v2\/comments?post=23"}],"version-history":[{"count":46,"href":"https:\/\/skladopalu.szczecin.pl\/de\/wp-json\/wp\/v2\/pages\/23\/revisions"}],"predecessor-version":[{"id":954,"href":"https:\/\/skladopalu.szczecin.pl\/de\/wp-json\/wp\/v2\/pages\/23\/revisions\/954"}],"wp:attachment":[{"href":"https:\/\/skladopalu.szczecin.pl\/de\/wp-json\/wp\/v2\/media?parent=23"}],"curies":[{"name":"wp","href":"https:\/\/api.w.org\/{rel}","templated":true}]}}